{"id":389,"date":"2025-02-03T14:17:39","date_gmt":"2025-02-03T14:17:39","guid":{"rendered":"http:\/\/innsout.com\/de\/?page_id=389"},"modified":"2025-02-03T14:17:42","modified_gmt":"2025-02-03T14:17:42","slug":"ueber-uns","status":"publish","type":"page","link":"https:\/\/innsout.com\/de\/ueber-uns\/","title":{"rendered":"\u00dcber Uns"},"content":{"rendered":"<div class=\"theme-wrapper theme-content\" style=\"background-color: #fff\">\n    <div class=\"container\">\n        <div class=\"row justify-content-center\">\n                        <div class=\"col-10\">\n                <div class=\"theme-content-title text-center\" style=\"color: #C7C588\"><h1><strong>\u00dcber<\/strong> Uns<\/h1>\n<\/div>\n                <div class=\"theme-content-content text-center\"><p>Bei <strong>innsout<\/strong> m\u00f6chten wir Menschen inspirieren, den Moment voll und ganz zu leben und alle Aspekte des Lebens zu genie\u00dfen. Wir glauben an eine nahtlose Verbindung zwischen Innen- und Au\u00dfenbereichen, bei der unsere sorgf\u00e4ltig zusammengestellten Kollektionen eine harmonische Umgebung schaffen, in der Grenzen verschwinden.<\/p>\n<p>Unsere M\u00f6beldesigns vereinen inspirierende Funktionalit\u00e4t mit Praktikabilit\u00e4t und laden Sie ein, zu leben, zu entspannen und Neues zu entdecken. Als soziale Vermittler sch\u00e4tzen wir es, gemeinsame Erlebnisse zu schaffen und Menschen zusammenzubringen.<\/p>\n<p>Bei <strong>innsout<\/strong> bieten wir mehr als nur M\u00f6bel. Wir m\u00f6chten bedeutungsvolle Momente schaffen in einer Welt ohne Grenzen. Willkommen bei <strong>innsout<\/strong>, wo wir die Br\u00fccke zwischen Innen- und Au\u00dfenbereichen schlagen und jedes M\u00f6belst\u00fcck eine Geschichte erz\u00e4hlt und Erinnerungen schafft.<\/p>\n<\/div>\n            <\/div>\n                    <\/div>\n            <\/div>\n<\/div>\n\n<div class=\"theme-image-card\">\n    <div class=\"theme-image-card-image\">\n        <img decoding=\"async\" src=\"https:\/\/innsout.com\/de\/wp-content\/uploads\/sites\/4\/2024\/11\/product-allitems-sofaheader-min.webp\" alt=\"Image card Image\">\n    <\/div>\n    <div class=\"theme-image-card-card\">\n                <div class=\"theme-image-card-card-image\">\n            <img decoding=\"async\" src=\"https:\/\/innsout.com\/wp-content\/uploads\/2024\/04\/Inssout-logo-name.svg\" alt=\"Image card Image\">\n        <\/div>\n                <div class=\"theme-image-card-card-content\"><p>Mit unserer Markenphilosophie \u201cMomente gestalten, Zuhause definieren\u201d streben wir danach, mehr als nur M\u00f6bel zu schaffen; wir m\u00f6chten Erlebnisse kreieren, die Menschen ber\u00fchren und ihnen helfen, ihre pers\u00f6nlichen R\u00e4ume in gesch\u00e4tzte Zuhause zu verwandeln.<\/p>\n<\/div>\n    <\/div>\n<\/div>\n\n<div class=\"theme-banner\">\n    <div class=\"theme-banner-left\">\n        <div class=\"theme-banner-left-title\"><h2>Unsere <strong>Vision<\/strong><\/h2>\n<\/div>\n        <div class=\"theme-banner-left-content\"><p>Bei <strong>innsout<\/strong> glauben wir an die Bedeutung von Genussmomenten im Alltag. Wir sind \u00fcberzeugt, dass eine Flucht aus dem hektischen Alltag nicht immer weit entfernt sein muss. Das Zuhause bildet die konstante Grundlage \u2013 ein Ort, an dem Sie sein k\u00f6nnen, wer Sie sein m\u00f6chten, und das tun k\u00f6nnen, was Sie gl\u00fccklich macht, in Gesellschaft Ihrer Liebsten.<\/p>\n<p>Zuhause ist ein Gef\u00fchl von Komfort, ein R\u00fcckzugsort, an dem Erinnerungen entstehen und geteilt werden. Deshalb m\u00f6chten wir einzigartige M\u00f6bel schaffen, die sowohl drinnen als auch drau\u00dfen genutzt werden k\u00f6nnen und sich nahtlos in dieses Gef\u00fchl von Zuhause einf\u00fcgen.<\/p>\n<p>Mit einem besonderen Fokus auf \u00c4sthetik und Funktionalit\u00e4t lassen unsere M\u00f6bel das Erlebnis von Zuhause lebendig werden, damit Sie die Momente, die wirklich z\u00e4hlen, jederzeit und \u00fcberall genie\u00dfen k\u00f6nnen.<\/p>\n<\/div>\n    <\/div>\n    <div class=\"theme-banner-right\">\n        <div class=\"theme-banner-right-first\">\n            <img decoding=\"async\" src=\"https:\/\/innsout.com\/de\/wp-content\/uploads\/sites\/4\/2024\/11\/homepage-banner-indooroutdoor-min.webp\" alt=\"\">\n        <\/div>\n        <div class=\"theme-banner-right-title\">\n            <h2>Wir entwerfen einzigartige M\u00f6bel,<\/h2>\n<h2>die sowohl drinnen als auch drau\u00dfen<\/h2>\n<h2>verwendet werden k\u00f6nnen.<\/h2>\n        <\/div>\n    <\/div>\n<\/div>","protected":false},"excerpt":{"rendered":"","protected":false},"author":1,"featured_media":0,"parent":0,"menu_order":0,"comment_status":"closed","ping_status":"closed","template":"","meta":{"_acf_changed":false,"_seopress_robots_primary_cat":"","_seopress_titles_title":"","_seopress_titles_desc":"","_seopress_robots_index":"","footnotes":""},"class_list":["post-389","page","type-page","status-publish","hentry"],"acf":[],"_links":{"self":[{"href":"https:\/\/innsout.com\/de\/wp-json\/wp\/v2\/pages\/389","targetHints":{"allow":["GET"]}}],"collection":[{"href":"https:\/\/innsout.com\/de\/wp-json\/wp\/v2\/pages"}],"about":[{"href":"https:\/\/innsout.com\/de\/wp-json\/wp\/v2\/types\/page"}],"author":[{"embeddable":true,"href":"https:\/\/innsout.com\/de\/wp-json\/wp\/v2\/users\/1"}],"replies":[{"embeddable":true,"href":"https:\/\/innsout.com\/de\/wp-json\/wp\/v2\/comments?post=389"}],"version-history":[{"count":2,"href":"https:\/\/innsout.com\/de\/wp-json\/wp\/v2\/pages\/389\/revisions"}],"predecessor-version":[{"id":393,"href":"https:\/\/innsout.com\/de\/wp-json\/wp\/v2\/pages\/389\/revisions\/393"}],"wp:attachment":[{"href":"https:\/\/innsout.com\/de\/wp-json\/wp\/v2\/media?parent=389"}],"curies":[{"name":"wp","href":"https:\/\/api.w.org\/{rel}","templated":true}]}}