{"id":402,"date":"2025-02-03T14:27:29","date_gmt":"2025-02-03T14:27:29","guid":{"rendered":"http:\/\/innsout.com\/de\/?page_id=402"},"modified":"2025-02-05T14:11:47","modified_gmt":"2025-02-05T14:11:47","slug":"produkte","status":"publish","type":"page","link":"https:\/\/innsout.com\/de\/produkte\/","title":{"rendered":"Produkte"},"content":{"rendered":"\n<div class=\"theme-category-archive\">\n    <div class=\"container\">\n        <div class=\"row\">\n            <div class=\"col-12\">\n                <div class=\"theme-category-archive-title\"><h1>Entdecken Sie unsere <strong>Produkte<\/strong><\/h1>\n<\/div>\n                <div class=\"theme-category-archive-wrapper\">\n                                        <a href=\"#Accessoires\" class=\"theme-category-archive-wrapper-hash\">Accessoires<\/a>\n                                        <a href=\"#Sitzm\u00f6bel\" class=\"theme-category-archive-wrapper-hash\">Sitzm\u00f6bel<\/a>\n                                        <a href=\"#Tische\" class=\"theme-category-archive-wrapper-hash\">Tische<\/a>\n                                    <\/div>\n            <\/div>\n        <\/div>\n    <\/div>\n    <div class=\"theme-category-archive-cards\">\n            <div id=\"Accessoires\" class=\"theme-category-archive-cards-card\">\n            <div class=\"theme-category-archive-cards-card-featured\" style=\"background-image: url(https:\/\/innsout.com\/wp-content\/uploads\/2025\/03\/allproducts-rugsbanner-min-1-2.webp)\"><\/div>\n            <a href=\"https:\/\/innsout.com\/de\/product-category\/accessoires\/\" class=\"theme-category-archive-cards-card-product\" style=\"background-image: url(https:\/\/innsout.com\/de\/wp-content\/uploads\/sites\/4\/2024\/11\/allproducts-rugsimage-min.webp)\">\n                <h2 class=\"theme-category-archive-cards-card-product-title\">Accessoires<\/h2>\n            <\/a>\n        <\/div>\n                    <div id=\"Sitzm\u00f6bel\" class=\"theme-category-archive-cards-card reverse\">\n            <div class=\"theme-category-archive-cards-card-featured\" style=\"background-image: url(https:\/\/innsout.com\/de\/wp-content\/uploads\/sites\/4\/2024\/11\/allproducts-sofabanner-min.webp)\"><\/div>\n            <a href=\"https:\/\/innsout.com\/de\/product-category\/sitzmoebel\/\" class=\"theme-category-archive-cards-card-product\" style=\"background-image: url(https:\/\/innsout.com\/de\/wp-content\/uploads\/sites\/4\/2024\/11\/allproducts-sofaimage-min.webp)\">\n                <h2 class=\"theme-category-archive-cards-card-product-title\">Sitzm\u00f6bel<\/h2>\n            <\/a>\n        <\/div>\n                    <div id=\"Tische\" class=\"theme-category-archive-cards-card\">\n            <div class=\"theme-category-archive-cards-card-featured\" style=\"background-image: url(https:\/\/innsout.com\/de\/wp-content\/uploads\/sites\/4\/2024\/11\/allproducts-tablebannercopy-min.webp)\"><\/div>\n            <a href=\"https:\/\/innsout.com\/de\/product-category\/tische\/\" class=\"theme-category-archive-cards-card-product\" style=\"background-image: url(https:\/\/innsout.com\/wp-content\/uploads\/2025\/03\/allproducts-tableimage-min-3.webp)\">\n                <h2 class=\"theme-category-archive-cards-card-product-title\">Tische<\/h2>\n            <\/a>\n        <\/div>\n                <\/div>\n<\/div>\n\n<div class=\"theme-wrapper theme-content\" style=\"background-color: #F9F9F3\">\n    <div class=\"container\">\n        <div class=\"row justify-content-center\">\n                        <div class=\"col-12 col-sm-5 col-xl-3\">\n                <div class=\"theme-content-title\"><h2>unsere Produkte garantieren <strong>Komfort<\/strong> und <strong>Langlebigkeit<\/strong><\/h2>\n<\/div>\n            <\/div>\n            <div class=\"col-12 col-sm-7\">\n                <div class=\"theme-content-content\"><p>Alle Produkte sind leicht zu reinigen und erfordern nur minimale Pflege. Unsere M\u00f6bel sind nicht nur wetterfest, sondern auch outdoor-tauglich, d.h. sie k\u00f6nnen zu jeder Jahreszeit im Freien aufgestellt werden. Mit den innsout-Kollektionen verwandelt sich jeder Au\u00dfenbereich in eine Oase des Wohnkomforts. Genie\u00dfen Sie das komfortable Innenraumgef\u00fchl im Freien! Die Langlebigkeit unserer Produkte wird nicht nur durch die Auswahl hochwertiger Materialien gew\u00e4hrleistet, sondern auch durch unsere innovativen Produktionstechniken, die es ihnen erm\u00f6glichen, den Au\u00dfenbedingungen das ganze Jahr \u00fcber standzuhalten.<\/p>\n<\/div>\n            <\/div>\n                    <\/div>\n                <div class=\"row justify-content-center\">\n            <div class=\"col-12 col-lg-10\">\n                <div class=\"theme-content-traits\">\n                                        <div class=\"theme-content-traits-trait\">\n                        <div class=\"theme-content-traits-trait-image\">\n                            <img decoding=\"async\" src=\"https:\/\/innsout.com\/wp-content\/uploads\/2024\/04\/trait_outdoor_proof.svg\" alt=\"Product Trait\">\n                        <\/div>\n                        <div class=\"theme-content-traits-trait-text\">\n                            outdoor-tauglich                        <\/div>\n                    <\/div>\n                                        <div class=\"theme-content-traits-trait\">\n                        <div class=\"theme-content-traits-trait-image\">\n                            <img decoding=\"async\" src=\"https:\/\/innsout.com\/wp-content\/uploads\/2024\/04\/UV-resistant.svg\" alt=\"Product Trait\">\n                        <\/div>\n                        <div class=\"theme-content-traits-trait-text\">\n                            UV-best\u00e4ndig                        <\/div>\n                    <\/div>\n                                        <div class=\"theme-content-traits-trait\">\n                        <div class=\"theme-content-traits-trait-image\">\n                            <img decoding=\"async\" src=\"https:\/\/innsout.com\/wp-content\/uploads\/2024\/04\/trait_waterproof.svg\" alt=\"Product Trait\">\n                        <\/div>\n                        <div class=\"theme-content-traits-trait-text\">\n                            wasserdicht                        <\/div>\n                    <\/div>\n                                        <div class=\"theme-content-traits-trait\">\n                        <div class=\"theme-content-traits-trait-image\">\n                            <img decoding=\"async\" src=\"https:\/\/innsout.com\/wp-content\/uploads\/2024\/04\/trait_colourfast.svg\" alt=\"Product Trait\">\n                        <\/div>\n                        <div class=\"theme-content-traits-trait-text\">\n                            farbecht                        <\/div>\n                    <\/div>\n                                        <div class=\"theme-content-traits-trait\">\n                        <div class=\"theme-content-traits-trait-image\">\n                            <img decoding=\"async\" src=\"https:\/\/innsout.com\/wp-content\/uploads\/2024\/04\/trait_quick_dry.svg\" alt=\"Product Trait\">\n                        <\/div>\n                        <div class=\"theme-content-traits-trait-text\">\n                            schnelltrocknend                        <\/div>\n                    <\/div>\n                                        <div class=\"theme-content-traits-trait\">\n                        <div class=\"theme-content-traits-trait-image\">\n                            <img decoding=\"async\" src=\"https:\/\/innsout.com\/wp-content\/uploads\/2024\/04\/trait_modular.svg\" alt=\"Product Trait\">\n                        <\/div>\n                        <div class=\"theme-content-traits-trait-text\">\n                            modular                        <\/div>\n                    <\/div>\n                                        <div class=\"theme-content-traits-trait\">\n                        <div class=\"theme-content-traits-trait-image\">\n                            <img decoding=\"async\" src=\"https:\/\/innsout.com\/wp-content\/uploads\/2024\/04\/trait_easy_clean.svg\" alt=\"Product Trait\">\n                        <\/div>\n                        <div class=\"theme-content-traits-trait-text\">\n                            leicht zu reinigen                        <\/div>\n                    <\/div>\n                                        <div class=\"theme-content-traits-trait\">\n                        <div class=\"theme-content-traits-trait-image\">\n                            <img decoding=\"async\" src=\"https:\/\/innsout.com\/wp-content\/uploads\/2024\/04\/trait_dirt_repellent.svg\" alt=\"Product Trait\">\n                        <\/div>\n                        <div class=\"theme-content-traits-trait-text\">\n                            schmutzabweisend                        <\/div>\n                    <\/div>\n                                        <div class=\"theme-content-traits-trait\">\n                        <div class=\"theme-content-traits-trait-image\">\n                            <img decoding=\"async\" src=\"https:\/\/innsout.com\/wp-content\/uploads\/2024\/04\/trait_antifungal.svg\" alt=\"Product Trait\">\n                        <\/div>\n                        <div class=\"theme-content-traits-trait-text\">\n                            antimykotisch                        <\/div>\n                    <\/div>\n                                        <div class=\"theme-content-traits-trait\">\n                        <div class=\"theme-content-traits-trait-image\">\n                            <img decoding=\"async\" src=\"https:\/\/innsout.com\/wp-content\/uploads\/2024\/04\/trait_comfortable_soft.svg\" alt=\"Product Trait\">\n                        <\/div>\n                        <div class=\"theme-content-traits-trait-text\">\n                            komfortabel                        <\/div>\n                    <\/div>\n                                        <div class=\"theme-content-traits-trait\">\n                        <div class=\"theme-content-traits-trait-image\">\n                            <img decoding=\"async\" src=\"https:\/\/innsout.com\/wp-content\/uploads\/2024\/04\/trait_cleanable_bleach.svg\" alt=\"Product Trait\">\n                        <\/div>\n                        <div class=\"theme-content-traits-trait-text\">\n                            reinigbar mit Bleichmittel                        <\/div>\n                    <\/div>\n                                    <\/div>\n            <\/div>\n        <\/div>\n            <\/div>\n<\/div>","protected":false},"excerpt":{"rendered":"","protected":false},"author":1,"featured_media":0,"parent":0,"menu_order":0,"comment_status":"closed","ping_status":"closed","template":"","meta":{"_acf_changed":false,"_seopress_robots_primary_cat":"","_seopress_titles_title":"","_seopress_titles_desc":"","_seopress_robots_index":"","footnotes":""},"class_list":["post-402","page","type-page","status-publish","hentry"],"acf":[],"_links":{"self":[{"href":"https:\/\/innsout.com\/de\/wp-json\/wp\/v2\/pages\/402","targetHints":{"allow":["GET"]}}],"collection":[{"href":"https:\/\/innsout.com\/de\/wp-json\/wp\/v2\/pages"}],"about":[{"href":"https:\/\/innsout.com\/de\/wp-json\/wp\/v2\/types\/page"}],"author":[{"embeddable":true,"href":"https:\/\/innsout.com\/de\/wp-json\/wp\/v2\/users\/1"}],"replies":[{"embeddable":true,"href":"https:\/\/innsout.com\/de\/wp-json\/wp\/v2\/comments?post=402"}],"version-history":[{"count":3,"href":"https:\/\/innsout.com\/de\/wp-json\/wp\/v2\/pages\/402\/revisions"}],"predecessor-version":[{"id":565,"href":"https:\/\/innsout.com\/de\/wp-json\/wp\/v2\/pages\/402\/revisions\/565"}],"wp:attachment":[{"href":"https:\/\/innsout.com\/de\/wp-json\/wp\/v2\/media?parent=402"}],"curies":[{"name":"wp","href":"https:\/\/api.w.org\/{rel}","templated":true}]}}