{"id":6,"date":"2024-03-26T08:14:13","date_gmt":"2024-03-26T08:14:13","guid":{"rendered":"http:\/\/innsout.com\/de\/?page_id=6"},"modified":"2025-12-04T14:44:49","modified_gmt":"2025-12-04T14:44:49","slug":"home","status":"publish","type":"page","link":"https:\/\/innsout.com\/de\/","title":{"rendered":"Home"},"content":{"rendered":"<div class=\"theme-hero\" style=\"background-image: url(https:\/\/innsout.com\/wp-content\/uploads\/2025\/12\/homepage-banner-indooroutdoorR1-scaled-1.webp\">\n    <div class=\"theme-hero-card\">\n        <div class=\"theme-hero-card-content\">\n            <p>WIR VON INNSOUT ERWECKEN UNSERE INSPIRIERENDE VISION ZUM LEBEN, INDEM WIR EINE EINZIGARTIGE KOLLEKTION VON M\u00d6BELST\u00dcCKEN ANBIETEN, DIE EINE NAHTLOSE BR\u00dcCKE ZWISCHEN INNEN- UND AUSSENBEREICHEN BILDEN.<\/p>\n        <\/div>\n    <\/div>\n<\/div>\n\n<div class=\"theme-wrapper theme-content\" style=\"background-color: #fff\">\n    <div class=\"container\">\n        <div class=\"row justify-content-center\">\n                        <div class=\"col-12 col-sm-5 col-xl-3\">\n                <div class=\"theme-content-title\"><h1>genie\u00dfen Sie ein <strong>sorgloses Leben<\/strong><\/h1>\n<\/div>\n            <\/div>\n            <div class=\"col-12 col-sm-7\">\n                <div class=\"theme-content-content\"><p>innsout ist sich \u00fcber eines im Klaren: jeden Tag zu sch\u00e4tzen und jeden kleinen Moment im Leben zu genie\u00dfen. Ob bei Tageslicht oder in der Nacht, im Sommer oder im Winter, bei strahlendem Sonnenschein oder bei Regen, allein oder mit Freunden, drinnen oder drau\u00dfen.<\/p>\n<p>Wir wollen eine Zukunft ohne Grenzen zwischen Innen- und Au\u00dfenbereich schaffen, die zu einem nahtlosen \u00dcbergang zwischen den R\u00e4umen einl\u00e4dt.<\/p>\n<p>Alles, damit Sie ein sorgenfreies Leben genie\u00dfen k\u00f6nnen.<\/p>\n<\/div>\n            <\/div>\n                    <\/div>\n            <\/div>\n<\/div>\n\n<div class=\"theme-double-image\">\n    <div class=\"theme-double-image-image\" style=\"background-image: url(https:\/\/innsout.com\/wp-content\/uploads\/2025\/12\/homepage-banner-indooroutdoorR2-scaled-1.webp)\"><\/div>\n    <div class=\"theme-double-image-title\"><h2>Nahtlose Integration zwischen<\/h2>\n<h2><strong>Innen- und Au\u00dfenbereichen<\/strong><\/h2>\n<\/div>\n<\/div>\n\n<div class=\"theme-wrapper theme-content\" style=\"background-color: #F9F9F3\">\n    <div class=\"container\">\n        <div class=\"row justify-content-center\">\n                        <div class=\"col-12 col-sm-5 col-xl-3\">\n                <div class=\"theme-content-title\"><h2>inspirierende <strong>Funktionalit\u00e4t<\/strong> und <strong>Komfort<\/strong><\/h2>\n<\/div>\n            <\/div>\n            <div class=\"col-12 col-sm-7\">\n                <div class=\"theme-content-content\"><p>In unserem Streben nach inspirierender Funktionalit\u00e4t ist jeder Aspekt unserer M\u00f6belentw\u00fcrfe sorgf\u00e4ltig durchdacht, um sowohl praktisch als auch inspirierend zu sein. Unser Ziel ist es, M\u00f6belst\u00fccke zu schaffen, die zum Leben, Entspannen und Entdecken einladen. Flexible Arrangements und clevere L\u00f6sungen sorgen daf\u00fcr, dass unsere M\u00f6bel den Bed\u00fcrfnissen des Einzelnen in einer sich schnell ver\u00e4ndernden Welt gerecht werden.<\/p>\n<\/div>\n            <\/div>\n                    <\/div>\n            <\/div>\n<\/div>\n\n<div class=\"theme-wrapper theme-products\">\n    <div class=\"container\">\n        <div class=\"row\">\n            <div class=\"col-12\">\n                <div class=\"theme-products-title\">\n                    <h2>Produktgruppen<\/h2>\n                <\/div>\n            <\/div>\n        <\/div>\n        <div class=\"row\">\n                        <div class=\"col-12 col-sm-6 col-lg-4\">\n                <a href=\"https:\/\/innsout.com\/de\/product-category\/accessoires\/\" class=\"theme-products-card\">\n                    <div class=\"theme-products-card-image\">\n                        <img decoding=\"async\" src=\"https:\/\/innsout.com\/de\/wp-content\/uploads\/sites\/4\/2024\/11\/homepage-productgroup-rugs-min.webp\" alt=\"Catergory Image\">\n                    <\/div>\n                    <h2 class=\"theme-products-card-title\">Accessoires<\/h2>\n                <\/a>\n            <\/div>\n                        <div class=\"col-12 col-sm-6 col-lg-4\">\n                <a href=\"https:\/\/innsout.com\/de\/product-category\/sitzmoebel\/\" class=\"theme-products-card\">\n                    <div class=\"theme-products-card-image\">\n                        <img decoding=\"async\" src=\"https:\/\/innsout.com\/de\/wp-content\/uploads\/sites\/4\/2025\/09\/homepage-productgroup-seating-R3.webp\" alt=\"Catergory Image\">\n                    <\/div>\n                    <h2 class=\"theme-products-card-title\">Sitzm\u00f6bel<\/h2>\n                <\/a>\n            <\/div>\n                        <div class=\"col-12 col-sm-6 col-lg-4\">\n                <a href=\"https:\/\/innsout.com\/de\/product-category\/tische\/\" class=\"theme-products-card\">\n                    <div class=\"theme-products-card-image\">\n                        <img decoding=\"async\" src=\"https:\/\/innsout.com\/de\/wp-content\/uploads\/sites\/4\/2025\/09\/homepage-productgroup-table-R3.webp\" alt=\"Catergory Image\">\n                    <\/div>\n                    <h2 class=\"theme-products-card-title\">Tische<\/h2>\n                <\/a>\n            <\/div>\n                    <\/div>\n    <\/div>\n<\/div>\n\n<div class=\"theme-cta\">\n    <div class=\"theme-cta-left\">\n        <img decoding=\"async\" src=\"https:\/\/innsout.com\/wp-content\/uploads\/2025\/12\/Footer-Leftr1-scaled-e1741270098880.webp\" alt=\"CTA Image\">\n    <\/div>\n    <div class=\"theme-cta-center\">\n        <div class=\"theme-cta-center-title\"><h2>Ben\u00f6tigen Sie<\/h2>\n<h2><strong>Hilfe?<\/strong><\/h2>\n<\/div>\n        <a href=\"https:\/\/innsout.com\/de\/kontaktieren\/\" class=\"theme-button theme-button__white\">\n            KONTAKT AUFNEHMEN        <\/a>\n    <\/div>\n    <div class=\"theme-cta-right\">\n        <img decoding=\"async\" src=\"https:\/\/innsout.com\/wp-content\/uploads\/2025\/12\/Footer-RightR2-1-scaled-1.webp\" alt=\"CTA Image\">\n    <\/div>\n<\/div>","protected":false},"excerpt":{"rendered":"","protected":false},"author":1,"featured_media":0,"parent":0,"menu_order":0,"comment_status":"closed","ping_status":"closed","template":"","meta":{"_acf_changed":false,"_seopress_robots_primary_cat":"","_seopress_titles_title":"","_seopress_titles_desc":"","_seopress_robots_index":"","footnotes":""},"class_list":["post-6","page","type-page","status-publish","hentry"],"acf":[],"_links":{"self":[{"href":"https:\/\/innsout.com\/de\/wp-json\/wp\/v2\/pages\/6","targetHints":{"allow":["GET"]}}],"collection":[{"href":"https:\/\/innsout.com\/de\/wp-json\/wp\/v2\/pages"}],"about":[{"href":"https:\/\/innsout.com\/de\/wp-json\/wp\/v2\/types\/page"}],"author":[{"embeddable":true,"href":"https:\/\/innsout.com\/de\/wp-json\/wp\/v2\/users\/1"}],"replies":[{"embeddable":true,"href":"https:\/\/innsout.com\/de\/wp-json\/wp\/v2\/comments?post=6"}],"version-history":[{"count":9,"href":"https:\/\/innsout.com\/de\/wp-json\/wp\/v2\/pages\/6\/revisions"}],"predecessor-version":[{"id":1117,"href":"https:\/\/innsout.com\/de\/wp-json\/wp\/v2\/pages\/6\/revisions\/1117"}],"wp:attachment":[{"href":"https:\/\/innsout.com\/de\/wp-json\/wp\/v2\/media?parent=6"}],"curies":[{"name":"wp","href":"https:\/\/api.w.org\/{rel}","templated":true}]}}