{"id":4,"date":"2024-03-26T08:14:31","date_gmt":"2024-03-26T08:14:31","guid":{"rendered":"http:\/\/innsout.com\/fr\/?page_id=4"},"modified":"2025-12-04T14:43:37","modified_gmt":"2025-12-04T14:43:37","slug":"home","status":"publish","type":"page","link":"https:\/\/innsout.com\/fr\/","title":{"rendered":"Home"},"content":{"rendered":"<div class=\"theme-hero\" style=\"background-image: url(https:\/\/innsout.com\/wp-content\/uploads\/2025\/12\/homepage-banner-indooroutdoorR1-scaled-1.webp\">\n    <div class=\"theme-hero-card\">\n        <div class=\"theme-hero-card-content\">\n            <p>CHEZ INNSOUT, NOUS DONNONS VIE \u00c0 NOTRE VISION INSPIRANTE EN PROPOSANT UNE COLLECTION UNIQUE DE MEUBLES QUI CR\u00c9ENT UN PONT TRANSPARENT ENTRE LES ESPACES INT\u00c9RIEURS ET EXT\u00c9RIEURS.<\/p>\n        <\/div>\n    <\/div>\n<\/div>\n\n<div class=\"theme-wrapper theme-content\" style=\"background-color: #fff\">\n    <div class=\"container\">\n        <div class=\"row justify-content-center\">\n                        <div class=\"col-10\">\n                <div class=\"theme-content-title text-center\" style=\"color: #C7C588\"><h1>vivre <strong>sans souci<\/strong><\/h1>\n<\/div>\n                <div class=\"theme-content-content text-center\"><p>innsout n&rsquo;a qu&rsquo;une id\u00e9e en t\u00eate : ch\u00e9rir chaque jour et profiter de chaque petit moment de la vie. Que ce soit \u00e0 la lumi\u00e8re du jour ou au c\u0153ur de la nuit, en \u00e9t\u00e9 ou en hiver, sous le soleil ou sous la pluie, seul ou avec des amis, \u00e0 l&rsquo;int\u00e9rieur comme \u00e0 l&rsquo;ext\u00e9rieur.<\/p>\n<p>Nous voulons d\u00e9voiler un avenir sans fronti\u00e8res entre l&rsquo;int\u00e9rieur et l&rsquo;ext\u00e9rieur, en invitant \u00e0 une circulation fluide entre les espaces.<\/p>\n<p>Tout cela pour vous permettre de vivre en toute s\u00e9r\u00e9nit\u00e9.<\/p>\n<\/div>\n            <\/div>\n                    <\/div>\n            <\/div>\n<\/div>\n\n<div class=\"theme-double-image\">\n    <div class=\"theme-double-image-image\" style=\"background-image: url(https:\/\/innsout.com\/wp-content\/uploads\/2025\/12\/homepage-banner-indooroutdoorR2-scaled-1.webp)\"><\/div>\n    <div class=\"theme-double-image-title\"><h2>Int\u00e9gration transparente entre<\/h2>\n<h2><strong>Espaces int\u00e9rieurs et ext\u00e9rieurs<\/strong><\/h2>\n<\/div>\n<\/div>\n\n<div class=\"theme-wrapper theme-content\" style=\"background-color: #F9F9F3\">\n    <div class=\"container\">\n        <div class=\"row justify-content-center\">\n                        <div class=\"col-12 col-sm-5 col-xl-3\">\n                <div class=\"theme-content-title\"><h2><strong>Fonctionnalit\u00e9<\/strong> et <strong>confort<\/strong> inspirants<\/h2>\n<\/div>\n            <\/div>\n            <div class=\"col-12 col-sm-7\">\n                <div class=\"theme-content-content\"><p>Dans notre qu\u00eate d&rsquo;une fonctionnalit\u00e9 inspirante, chaque aspect de nos meubles est soigneusement \u00e9tudi\u00e9 pour \u00eatre \u00e0 la fois pratique et inspirant. Notre objectif est de cr\u00e9er des meubles qui invitent les gens \u00e0 vivre, \u00e0 se d\u00e9tendre et \u00e0 explorer. Des arrangements flexibles et des solutions astucieuses garantissent que nos meubles r\u00e9pondent aux besoins des individus dans un monde qui \u00e9volue rapidement.<\/p>\n<\/div>\n            <\/div>\n                    <\/div>\n            <\/div>\n<\/div>\n\n<div class=\"theme-wrapper theme-products\">\n    <div class=\"container\">\n        <div class=\"row\">\n            <div class=\"col-12\">\n                <div class=\"theme-products-title\">\n                    <h2>groupes de produits<\/h2>\n                <\/div>\n            <\/div>\n        <\/div>\n        <div class=\"row\">\n                        <div class=\"col-12 col-sm-6 col-lg-4\">\n                <a href=\"https:\/\/innsout.com\/fr\/product-category\/accessoires\/\" class=\"theme-products-card\">\n                    <div class=\"theme-products-card-image\">\n                        <img decoding=\"async\" src=\"https:\/\/innsout.com\/fr\/wp-content\/uploads\/sites\/2\/2024\/11\/homepage-productgroup-rugs-min.webp\" alt=\"Catergory Image\">\n                    <\/div>\n                    <h2 class=\"theme-products-card-title\">accessoires<\/h2>\n                <\/a>\n            <\/div>\n                        <div class=\"col-12 col-sm-6 col-lg-4\">\n                <a href=\"https:\/\/innsout.com\/fr\/product-category\/assises\/\" class=\"theme-products-card\">\n                    <div class=\"theme-products-card-image\">\n                        <img decoding=\"async\" src=\"https:\/\/innsout.com\/fr\/wp-content\/uploads\/sites\/2\/2025\/09\/homepage-productgroup-seating-R3.webp\" alt=\"Catergory Image\">\n                    <\/div>\n                    <h2 class=\"theme-products-card-title\">assises<\/h2>\n                <\/a>\n            <\/div>\n                        <div class=\"col-12 col-sm-6 col-lg-4\">\n                <a href=\"https:\/\/innsout.com\/fr\/product-category\/tables\/\" class=\"theme-products-card\">\n                    <div class=\"theme-products-card-image\">\n                        <img decoding=\"async\" src=\"https:\/\/innsout.com\/fr\/wp-content\/uploads\/sites\/2\/2025\/09\/homepage-productgroup-table-R2.webp\" alt=\"Catergory Image\">\n                    <\/div>\n                    <h2 class=\"theme-products-card-title\">tables<\/h2>\n                <\/a>\n            <\/div>\n                    <\/div>\n    <\/div>\n<\/div>\n\n<div class=\"theme-cta\">\n    <div class=\"theme-cta-left\">\n        <img decoding=\"async\" src=\"https:\/\/innsout.com\/wp-content\/uploads\/2025\/12\/Footer-Leftr1-scaled-e1741270098880.webp\" alt=\"CTA Image\">\n    <\/div>\n    <div class=\"theme-cta-center\">\n        <div class=\"theme-cta-center-title\"><h2>besoin<\/h2>\n<h2><strong>d&rsquo;aide?<\/strong><\/h2>\n<\/div>\n        <a href=\"https:\/\/innsout.com\/contact\/\" class=\"theme-button theme-button__white\">\n            CONTACTEZ-NOUS        <\/a>\n    <\/div>\n    <div class=\"theme-cta-right\">\n        <img decoding=\"async\" src=\"https:\/\/innsout.com\/wp-content\/uploads\/2025\/12\/Footer-RightR2-1-scaled-1.webp\" alt=\"CTA Image\">\n    <\/div>\n<\/div>","protected":false},"excerpt":{"rendered":"","protected":false},"author":1,"featured_media":0,"parent":0,"menu_order":0,"comment_status":"closed","ping_status":"closed","template":"","meta":{"_acf_changed":false,"_seopress_robots_primary_cat":"","_seopress_titles_title":"","_seopress_titles_desc":"","_seopress_robots_index":"","footnotes":""},"class_list":["post-4","page","type-page","status-publish","hentry"],"acf":[],"_links":{"self":[{"href":"https:\/\/innsout.com\/fr\/wp-json\/wp\/v2\/pages\/4","targetHints":{"allow":["GET"]}}],"collection":[{"href":"https:\/\/innsout.com\/fr\/wp-json\/wp\/v2\/pages"}],"about":[{"href":"https:\/\/innsout.com\/fr\/wp-json\/wp\/v2\/types\/page"}],"author":[{"embeddable":true,"href":"https:\/\/innsout.com\/fr\/wp-json\/wp\/v2\/users\/1"}],"replies":[{"embeddable":true,"href":"https:\/\/innsout.com\/fr\/wp-json\/wp\/v2\/comments?post=4"}],"version-history":[{"count":10,"href":"https:\/\/innsout.com\/fr\/wp-json\/wp\/v2\/pages\/4\/revisions"}],"predecessor-version":[{"id":873,"href":"https:\/\/innsout.com\/fr\/wp-json\/wp\/v2\/pages\/4\/revisions\/873"}],"wp:attachment":[{"href":"https:\/\/innsout.com\/fr\/wp-json\/wp\/v2\/media?parent=4"}],"curies":[{"name":"wp","href":"https:\/\/api.w.org\/{rel}","templated":true}]}}