{"id":477,"date":"2025-02-03T14:57:46","date_gmt":"2025-02-03T14:57:46","guid":{"rendered":"http:\/\/innsout.com\/fr\/?page_id=477"},"modified":"2025-02-05T14:08:41","modified_gmt":"2025-02-05T14:08:41","slug":"produits","status":"publish","type":"page","link":"https:\/\/innsout.com\/fr\/produits\/","title":{"rendered":"Produits"},"content":{"rendered":"\n<div class=\"theme-category-archive\">\n    <div class=\"container\">\n        <div class=\"row\">\n            <div class=\"col-12\">\n                <div class=\"theme-category-archive-title\"><h1>d\u00e9couvrez nos <strong>produits<\/strong><\/h1>\n<\/div>\n                <div class=\"theme-category-archive-wrapper\">\n                                        <a href=\"#accessoires\" class=\"theme-category-archive-wrapper-hash\">accessoires<\/a>\n                                        <a href=\"#assises\" class=\"theme-category-archive-wrapper-hash\">assises<\/a>\n                                        <a href=\"#tables\" class=\"theme-category-archive-wrapper-hash\">tables<\/a>\n                                    <\/div>\n            <\/div>\n        <\/div>\n    <\/div>\n    <div class=\"theme-category-archive-cards\">\n            <div id=\"accessoires\" class=\"theme-category-archive-cards-card\">\n            <div class=\"theme-category-archive-cards-card-featured\" style=\"background-image: url(https:\/\/innsout.com\/wp-content\/uploads\/2025\/03\/allproducts-rugsbanner-min-1-4.webp)\"><\/div>\n            <a href=\"https:\/\/innsout.com\/fr\/product-category\/accessoires\/\" class=\"theme-category-archive-cards-card-product\" style=\"background-image: url(https:\/\/innsout.com\/fr\/wp-content\/uploads\/sites\/2\/2024\/11\/allproducts-rugsimage-min.webp)\">\n                <h2 class=\"theme-category-archive-cards-card-product-title\">accessoires<\/h2>\n            <\/a>\n        <\/div>\n                    <div id=\"assises\" class=\"theme-category-archive-cards-card reverse\">\n            <div class=\"theme-category-archive-cards-card-featured\" style=\"background-image: url(https:\/\/innsout.com\/fr\/wp-content\/uploads\/sites\/2\/2024\/11\/allproducts-sofabanner-min.webp)\"><\/div>\n            <a href=\"https:\/\/innsout.com\/fr\/product-category\/assises\/\" class=\"theme-category-archive-cards-card-product\" style=\"background-image: url(https:\/\/innsout.com\/fr\/wp-content\/uploads\/sites\/2\/2024\/11\/allproducts-sofaimage-min.webp)\">\n                <h2 class=\"theme-category-archive-cards-card-product-title\">assises<\/h2>\n            <\/a>\n        <\/div>\n                    <div id=\"tables\" class=\"theme-category-archive-cards-card\">\n            <div class=\"theme-category-archive-cards-card-featured\" style=\"background-image: url(https:\/\/innsout.com\/fr\/wp-content\/uploads\/sites\/2\/2024\/11\/allproducts-tablebannercopy-min.webp)\"><\/div>\n            <a href=\"https:\/\/innsout.com\/fr\/product-category\/tables\/\" class=\"theme-category-archive-cards-card-product\" style=\"background-image: url(https:\/\/innsout.com\/wp-content\/uploads\/2025\/03\/allproducts-tableimage-min-5.webp)\">\n                <h2 class=\"theme-category-archive-cards-card-product-title\">tables<\/h2>\n            <\/a>\n        <\/div>\n                <\/div>\n<\/div>\n\n<div class=\"theme-wrapper theme-content\" style=\"background-color: #F9F9F3\">\n    <div class=\"container\">\n        <div class=\"row justify-content-center\">\n                        <div class=\"col-12 col-sm-5 col-xl-3\">\n                <div class=\"theme-content-title\"><h2>nos produits garantissent <strong>confort<\/strong> et <strong>durabilit\u00e9<\/strong><\/h2>\n<\/div>\n            <\/div>\n            <div class=\"col-12 col-sm-7\">\n                <div class=\"theme-content-content\"><p>Tous les produits sont faciles \u00e0 nettoyer et n\u00e9cessitent un minimum d&rsquo;entretien. Nos meubles ne sont pas seulement r\u00e9sistants aux intemp\u00e9ries, mais aussi \u00e0 l&rsquo;ext\u00e9rieur, ce qui signifie qu&rsquo;ils peuvent \u00eatre plac\u00e9s \u00e0 l&rsquo;ext\u00e9rieur en toute saison. Avec les collections innsout, chaque espace ext\u00e9rieur se transforme en une oasis de confort int\u00e9rieur. Profitez de la sensation de confort int\u00e9rieur \u00e0 l&rsquo;ext\u00e9rieur ! La durabilit\u00e9 de nos produits est assur\u00e9e non seulement par le choix de mat\u00e9riaux de haute qualit\u00e9, mais aussi par nos techniques de production innovantes, qui leur permettent de r\u00e9sister aux conditions ext\u00e9rieures tout au long de l&rsquo;ann\u00e9e.<\/p>\n<\/div>\n            <\/div>\n                    <\/div>\n                <div class=\"row justify-content-center\">\n            <div class=\"col-12 col-lg-10\">\n                <div class=\"theme-content-traits\">\n                                        <div class=\"theme-content-traits-trait\">\n                        <div class=\"theme-content-traits-trait-image\">\n                            <img decoding=\"async\" src=\"https:\/\/innsout.com\/wp-content\/uploads\/2024\/04\/trait_outdoor_proof.svg\" alt=\"Product Trait\">\n                        <\/div>\n                        <div class=\"theme-content-traits-trait-text\">\n                            r\u00e9sistant \u00e0 l&rsquo;ext\u00e9rieur                        <\/div>\n                    <\/div>\n                                        <div class=\"theme-content-traits-trait\">\n                        <div class=\"theme-content-traits-trait-image\">\n                            <img decoding=\"async\" src=\"https:\/\/innsout.com\/wp-content\/uploads\/2024\/04\/UV-resistant.svg\" alt=\"Product Trait\">\n                        <\/div>\n                        <div class=\"theme-content-traits-trait-text\">\n                            r\u00e9sistant aux UV                        <\/div>\n                    <\/div>\n                                        <div class=\"theme-content-traits-trait\">\n                        <div class=\"theme-content-traits-trait-image\">\n                            <img decoding=\"async\" src=\"https:\/\/innsout.com\/wp-content\/uploads\/2024\/04\/trait_waterproof.svg\" alt=\"Product Trait\">\n                        <\/div>\n                        <div class=\"theme-content-traits-trait-text\">\n                            imperm\u00e9able \u00e0 l&rsquo;eau                        <\/div>\n                    <\/div>\n                                        <div class=\"theme-content-traits-trait\">\n                        <div class=\"theme-content-traits-trait-image\">\n                            <img decoding=\"async\" src=\"https:\/\/innsout.com\/wp-content\/uploads\/2024\/04\/trait_colourfast.svg\" alt=\"Product Trait\">\n                        <\/div>\n                        <div class=\"theme-content-traits-trait-text\">\n                            r\u00e9sistant aux couleurs                        <\/div>\n                    <\/div>\n                                        <div class=\"theme-content-traits-trait\">\n                        <div class=\"theme-content-traits-trait-image\">\n                            <img decoding=\"async\" src=\"https:\/\/innsout.com\/wp-content\/uploads\/2024\/04\/trait_quick_dry.svg\" alt=\"Product Trait\">\n                        <\/div>\n                        <div class=\"theme-content-traits-trait-text\">\n                            Quickdry                        <\/div>\n                    <\/div>\n                                        <div class=\"theme-content-traits-trait\">\n                        <div class=\"theme-content-traits-trait-image\">\n                            <img decoding=\"async\" src=\"https:\/\/innsout.com\/wp-content\/uploads\/2024\/04\/trait_modular.svg\" alt=\"Product Trait\">\n                        <\/div>\n                        <div class=\"theme-content-traits-trait-text\">\n                            modulaire                        <\/div>\n                    <\/div>\n                                        <div class=\"theme-content-traits-trait\">\n                        <div class=\"theme-content-traits-trait-image\">\n                            <img decoding=\"async\" src=\"https:\/\/innsout.com\/wp-content\/uploads\/2024\/04\/trait_easy_clean.svg\" alt=\"Product Trait\">\n                        <\/div>\n                        <div class=\"theme-content-traits-trait-text\">\n                            facile \u00e0 nettoyer                        <\/div>\n                    <\/div>\n                                        <div class=\"theme-content-traits-trait\">\n                        <div class=\"theme-content-traits-trait-image\">\n                            <img decoding=\"async\" src=\"https:\/\/innsout.com\/wp-content\/uploads\/2024\/04\/trait_dirt_repellent.svg\" alt=\"Product Trait\">\n                        <\/div>\n                        <div class=\"theme-content-traits-trait-text\">\n                            anti-salissures                        <\/div>\n                    <\/div>\n                                        <div class=\"theme-content-traits-trait\">\n                        <div class=\"theme-content-traits-trait-image\">\n                            <img decoding=\"async\" src=\"https:\/\/innsout.com\/wp-content\/uploads\/2024\/04\/trait_antifungal.svg\" alt=\"Product Trait\">\n                        <\/div>\n                        <div class=\"theme-content-traits-trait-text\">\n                            anti-fongique                        <\/div>\n                    <\/div>\n                                        <div class=\"theme-content-traits-trait\">\n                        <div class=\"theme-content-traits-trait-image\">\n                            <img decoding=\"async\" src=\"https:\/\/innsout.com\/wp-content\/uploads\/2024\/04\/trait_comfortable_soft.svg\" alt=\"Product Trait\">\n                        <\/div>\n                        <div class=\"theme-content-traits-trait-text\">\n                            confortable \/ toucher doux                        <\/div>\n                    <\/div>\n                                        <div class=\"theme-content-traits-trait\">\n                        <div class=\"theme-content-traits-trait-image\">\n                            <img decoding=\"async\" src=\"https:\/\/innsout.com\/wp-content\/uploads\/2024\/04\/trait_cleanable_bleach.svg\" alt=\"Product Trait\">\n                        <\/div>\n                        <div class=\"theme-content-traits-trait-text\">\n                            nettoyable \u00e0 l&rsquo;eau de Javel                        <\/div>\n                    <\/div>\n                                    <\/div>\n            <\/div>\n        <\/div>\n            <\/div>\n<\/div>","protected":false},"excerpt":{"rendered":"","protected":false},"author":1,"featured_media":0,"parent":0,"menu_order":0,"comment_status":"closed","ping_status":"closed","template":"","meta":{"_acf_changed":false,"_seopress_robots_primary_cat":"","_seopress_titles_title":"","_seopress_titles_desc":"","_seopress_robots_index":"","footnotes":""},"class_list":["post-477","page","type-page","status-publish","hentry"],"acf":[],"_links":{"self":[{"href":"https:\/\/innsout.com\/fr\/wp-json\/wp\/v2\/pages\/477","targetHints":{"allow":["GET"]}}],"collection":[{"href":"https:\/\/innsout.com\/fr\/wp-json\/wp\/v2\/pages"}],"about":[{"href":"https:\/\/innsout.com\/fr\/wp-json\/wp\/v2\/types\/page"}],"author":[{"embeddable":true,"href":"https:\/\/innsout.com\/fr\/wp-json\/wp\/v2\/users\/1"}],"replies":[{"embeddable":true,"href":"https:\/\/innsout.com\/fr\/wp-json\/wp\/v2\/comments?post=477"}],"version-history":[{"count":4,"href":"https:\/\/innsout.com\/fr\/wp-json\/wp\/v2\/pages\/477\/revisions"}],"predecessor-version":[{"id":540,"href":"https:\/\/innsout.com\/fr\/wp-json\/wp\/v2\/pages\/477\/revisions\/540"}],"wp:attachment":[{"href":"https:\/\/innsout.com\/fr\/wp-json\/wp\/v2\/media?parent=477"}],"curies":[{"name":"wp","href":"https:\/\/api.w.org\/{rel}","templated":true}]}}