{"id":488,"date":"2025-02-03T15:04:43","date_gmt":"2025-02-03T15:04:43","guid":{"rendered":"http:\/\/innsout.com\/fr\/?page_id=488"},"modified":"2025-02-04T09:56:19","modified_gmt":"2025-02-04T09:56:19","slug":"a-propos-de-innsout","status":"publish","type":"page","link":"https:\/\/innsout.com\/fr\/a-propos-de-innsout\/","title":{"rendered":"\u00c0 propos"},"content":{"rendered":"<div class=\"theme-wrapper theme-content\" style=\"background-color: #fff\">\n    <div class=\"container\">\n        <div class=\"row justify-content-center\">\n                        <div class=\"col-10\">\n                <div class=\"theme-content-title text-center\" style=\"color: #C7C588\"><h1>\u00c0 <strong>Propos<\/strong><\/h1>\n<\/div>\n                <div class=\"theme-content-content text-center\"><p>Chez <strong>innsout<\/strong>, nous nous engageons \u00e0 inspirer chacun \u00e0 vivre pleinement l\u2019instant pr\u00e9sent et \u00e0 savourer tous les aspects de la vie. Nous croyons en une parfaite harmonie entre les espaces int\u00e9rieurs et ext\u00e9rieurs, o\u00f9 nos collections soigneusement con\u00e7ues cr\u00e9ent un environnement sans fronti\u00e8res.<\/p>\n<p>Nos meubles associent design fonctionnel et praticit\u00e9, vous invitant \u00e0 vivre, \u00e0 vous d\u00e9tendre et \u00e0 explorer. En tant que cr\u00e9ateurs de liens, nous valorisons les exp\u00e9riences partag\u00e9es et les moments qui rassemblent.<\/p>\n<p><strong>innsout<\/strong> ne se limite pas \u00e0 proposer du mobilier, mais s\u2019efforce de cr\u00e9er des moments riches de sens dans un monde sans limites. Bienvenue chez <strong>innsout<\/strong>, o\u00f9 int\u00e9rieur et ext\u00e9rieur ne font qu\u2019un, et o\u00f9 chaque meuble raconte une histoire et cr\u00e9e des souvenirs inoubliables.<\/p>\n<\/div>\n            <\/div>\n                    <\/div>\n            <\/div>\n<\/div>\n\n<div class=\"theme-image-card\">\n    <div class=\"theme-image-card-image\">\n        <img decoding=\"async\" src=\"https:\/\/innsout.com\/wp-content\/uploads\/2024\/05\/product-allitems-sofaheader-min.webp\" alt=\"Image card Image\">\n    <\/div>\n    <div class=\"theme-image-card-card\">\n                <div class=\"theme-image-card-card-image\">\n            <img decoding=\"async\" src=\"https:\/\/innsout.com\/wp-content\/uploads\/2024\/04\/Inssout-logo-name.svg\" alt=\"Image card Image\">\n        <\/div>\n                <div class=\"theme-image-card-card-content\"><p>Avec notre philosophie de marque \u201cConcevoir des Moments, D\u00e9finir un Chez-Soi \u201c, nous visons \u00e0 cr\u00e9er bien plus que de simples meubles ; nous cherchons \u00e0 concevoir des exp\u00e9riences qui r\u00e9sonnent avec les individus et les aident \u00e0 transformer leurs espaces personnels en foyers pr\u00e9cieux et m\u00e9morables.<\/p>\n<\/div>\n    <\/div>\n<\/div>\n\n<div class=\"theme-banner\">\n    <div class=\"theme-banner-left\">\n        <div class=\"theme-banner-left-title\"><h2>Notre <strong>Vision<\/strong><\/h2>\n<\/div>\n        <div class=\"theme-banner-left-content\"><p>Chez <strong>innsout<\/strong>, nous croyons en l\u2019importance de savourer les moments simples du quotidien. Nous sommes convaincus qu\u2019il n\u2019est pas toujours n\u00e9cessaire de s\u2019\u00e9loigner pour \u00e9chapper \u00e0 l\u2019agitation de la vie. Le chez-soi est une base constante \u2013 un lieu o\u00f9 vous pouvez \u00eatre vous-m\u00eame, faire ce qui vous rend heureux, entour\u00e9 de vos proches.<\/p>\n<p>Le chez-soi repr\u00e9sente un sentiment de confort, un sanctuaire o\u00f9 les souvenirs prennent vie et se partagent. C\u2019est pourquoi nous concevons des meubles uniques, utilisables \u00e0 la fois \u00e0 l\u2019int\u00e9rieur et \u00e0 l\u2019ext\u00e9rieur, qui s\u2019int\u00e8grent parfaitement \u00e0 cette id\u00e9e de chez-soi.<\/p>\n<p>En mettant l\u2019accent sur l\u2019esth\u00e9tique et la fonctionnalit\u00e9, nos meubles donnent vie \u00e0 l\u2019exp\u00e9rience du chez-soi, pour que vous puissiez profiter pleinement des moments qui comptent vraiment, o\u00f9 que vous soyez, \u00e0 tout moment<\/p>\n<\/div>\n    <\/div>\n    <div class=\"theme-banner-right\">\n        <div class=\"theme-banner-right-first\">\n            <img decoding=\"async\" src=\"https:\/\/innsout.com\/fr\/wp-content\/uploads\/sites\/2\/2024\/11\/homepage-banner-indooroutdoor-min.webp\" alt=\"\">\n        <\/div>\n        <div class=\"theme-banner-right-title\">\n            <h2>Nous concevons des meubles uniques,<\/h2>\n<h2>parfaitement adapt\u00e9s \u00e0 une utilisation<\/h2>\n<h2>tant \u00e0 l\u2019int\u00e9rieur qu\u2019\u00e0 l\u2019ext\u00e9rieur.<\/h2>\n        <\/div>\n    <\/div>\n<\/div>","protected":false},"excerpt":{"rendered":"","protected":false},"author":1,"featured_media":0,"parent":0,"menu_order":0,"comment_status":"closed","ping_status":"closed","template":"","meta":{"_acf_changed":false,"_seopress_robots_primary_cat":"","_seopress_titles_title":"","_seopress_titles_desc":"","_seopress_robots_index":"","footnotes":""},"class_list":["post-488","page","type-page","status-publish","hentry"],"acf":[],"_links":{"self":[{"href":"https:\/\/innsout.com\/fr\/wp-json\/wp\/v2\/pages\/488","targetHints":{"allow":["GET"]}}],"collection":[{"href":"https:\/\/innsout.com\/fr\/wp-json\/wp\/v2\/pages"}],"about":[{"href":"https:\/\/innsout.com\/fr\/wp-json\/wp\/v2\/types\/page"}],"author":[{"embeddable":true,"href":"https:\/\/innsout.com\/fr\/wp-json\/wp\/v2\/users\/1"}],"replies":[{"embeddable":true,"href":"https:\/\/innsout.com\/fr\/wp-json\/wp\/v2\/comments?post=488"}],"version-history":[{"count":2,"href":"https:\/\/innsout.com\/fr\/wp-json\/wp\/v2\/pages\/488\/revisions"}],"predecessor-version":[{"id":502,"href":"https:\/\/innsout.com\/fr\/wp-json\/wp\/v2\/pages\/488\/revisions\/502"}],"wp:attachment":[{"href":"https:\/\/innsout.com\/fr\/wp-json\/wp\/v2\/media?parent=488"}],"curies":[{"name":"wp","href":"https:\/\/api.w.org\/{rel}","templated":true}]}}